{"id":3786,"date":"2023-03-24T11:15:17","date_gmt":"2023-03-24T15:15:17","guid":{"rendered":"https:\/\/exterminationpro-nature.ca\/exterminator-riviere-beaudette\/"},"modified":"2023-03-24T11:34:40","modified_gmt":"2023-03-24T15:34:40","slug":"exterminator-riviere-beaudette","status":"publish","type":"page","link":"https:\/\/exterminationpro-nature.ca\/en\/exterminator-riviere-beaudette\/","title":{"rendered":"Exterminator Rivi\u00e8re-Beaudette"},"content":{"rendered":"\t\t<div data-elementor-type=\"wp-page\" data-elementor-id=\"3786\" class=\"elementor elementor-3786 elementor-3770\" data-elementor-post-type=\"page\">\n\t\t\t\t\t\t<section class=\"elementor-section elementor-top-section elementor-element elementor-element-5eec34d elementor-section-height-min-height en-tete-services elementor-section-boxed elementor-section-height-default elementor-section-items-middle\" data-id=\"5eec34d\" data-element_type=\"section\" data-e-type=\"section\" data-settings=\"{&quot;background_background&quot;:&quot;classic&quot;}\">\n\t\t\t\t\t\t\t<div class=\"elementor-background-overlay\"><\/div>\n\t\t\t\t\t\t\t<div class=\"elementor-container elementor-column-gap-default\">\n\t\t\t\t\t<div class=\"elementor-column elementor-col-100 elementor-top-column elementor-element elementor-element-88cbb55\" data-id=\"88cbb55\" data-element_type=\"column\" data-e-type=\"column\">\n\t\t\t<div class=\"elementor-widget-wrap elementor-element-populated\">\n\t\t\t\t\t\t\t<\/div>\n\t\t<\/div>\n\t\t\t\t\t<\/div>\n\t\t<\/section>\n\t\t\t\t<section class=\"elementor-section elementor-top-section elementor-element elementor-element-0294106 elementor-section-boxed elementor-section-height-default elementor-section-height-default\" data-id=\"0294106\" data-element_type=\"section\" data-e-type=\"section\">\n\t\t\t\t\t\t<div class=\"elementor-container elementor-column-gap-default\">\n\t\t\t\t\t<div class=\"elementor-column elementor-col-100 elementor-top-column elementor-element elementor-element-3577d5f\" data-id=\"3577d5f\" data-element_type=\"column\" data-e-type=\"column\">\n\t\t\t<div class=\"elementor-widget-wrap elementor-element-populated\">\n\t\t\t\t\t\t<div class=\"elementor-element elementor-element-171bc61 elementor-widget elementor-widget-text-editor\" data-id=\"171bc61\" data-element_type=\"widget\" data-e-type=\"widget\" data-widget_type=\"text-editor.default\">\n\t\t\t\t<div class=\"elementor-widget-container\">\n\t\t\t\t\t\t\t\t\t<div>\n<div>\n<div>\n<div>\n<div>\n<div>\n<div>\n<div>\n<div>\n<div>\n<div>\n<div>\n<div>\n<div>\n<div>\n<div>\n<div>\n<div>\n<div>\n<div>\n<div>\n<div>\n<p>Are you looking for a professional extermination solution in Rivi\u00e8re-Beaudette? Trust Extermination Pro Nature! We offer effective, environmentally friendly and safe extermination services to remove harmful insects and rodents from your home, while ensuring the safety of your family and pets.<\/p>\n<p>We favor an ecological approach to extermination, using environmentally friendly products to protect your home while ensuring optimal results. Our team of qualified technicians will work with you to develop a personalized action plan for your home, always ensuring your satisfaction.<\/p>\n<p>Our company can eliminate all types of pests, whether mice, ants, bed bugs or others. Contact us now for a free quote and personalized consultation. With Extermination Pro Nature, you can be sure to keep your home clean and healthy in Rivi\u00e8re-Beaudette, in the county of Vaudreuil-Soulanges in Quebec. We have been experts in extermination for many years and look forward to working with you to eliminate these pests.<\/p>\n<\/div>\n<\/div>\n<\/div>\n<h2>Ecological extermination in Rivi\u00e8re-Beaudette with Extermination Pro Nature<\/h2>\n<\/div>\n<\/div>\n<\/div>\n<\/div>\n<\/div>\n<\/div>\n<\/div>\n<\/div>\n<\/div>\n<\/div>\n<\/div>\n<\/div>\n<\/div>\n<\/div>\n<\/div>\n<\/div>\n<\/div>\n<\/div>\n<\/div>\n<div>\n<div>\n<div>\n<div>\n<div>\n<div>\n<div>\n<div>\n<div>\n<div>\n<p>Protect your home in Rivi\u00e8re-Beaudette with Extermination Pro Nature&#8217;s ecological extermination services. Our qualified experts use environmentally friendly products to eliminate pests such as mice, rats, cockroaches, pigeons, wasps, spiders, ants and bed bugs. We provide reliable and quality services in Rivi\u00e8re-Beaudette and the surrounding area of Vaudreuil-Soulanges in Mont\u00e9r\u00e9gie. Contact us today for a free quote and to discuss your extermination needs. Trust Extermination Pro Nature to protect your family and pets while eliminating unwanted ones.<\/p>\n<\/div>\n<\/div>\n<\/div>\n<\/div>\n<\/div>\n<\/div>\n<\/div>\n<\/div>\n<\/div>\n<\/div>\n<div>\n<div>\n<div>\n<div>\n<div>\n<div>\n<div>\n<div>\n<div>\n<h2>Extermination Pro-Nature: Ecological solution for the extermination of pests in Rivi\u00e8re-Beaudette and surroundings<\/h2>\n<\/div>\n<\/div>\n<\/div>\n<\/div>\n<\/div>\n<\/div>\n<\/div>\n<\/div>\n<\/div>\n<div>\n<div>\n<div>\n<div>\n<div>\n<div>\n<p>If your property in Rivi\u00e8re-Beaudette or in the vicinity of Vaudreuil-Soulanges in Mont\u00e9r\u00e9gie is infested with rats or mice, Extermination Pro-Nature is here to help you quickly. We understand the urgency of the situation and propose ecological and effective extermination methods to eliminate pests sustainably. Contact us now for a free personalized quote and benefit from a reliable and professional team to protect your property. Maximize your chances of success by choosing our fast, efficient and ecological extermination service in Rivi\u00e8re-Beaudette.<\/p>\n<\/div>\n<\/div>\n<\/div>\n<h2>Ecological elimination of rats and mice in Rivi\u00e8re-Beaudette with Extermination Pro-Nature<\/h2>\n<\/div>\n<\/div>\n<\/div>\n<div>\n<div>\n<div>\n<div>\n<div>\n<div>\n<p>If you are looking for a company to eliminate pests from your home or business in Rivi\u00e8re-Beaudette or in the vicinity of Vaudreuil-Soulanges in Mont\u00e9r\u00e9gie, Extermination Pro Nature is the ideal solution. Our experienced technicians use eco-friendly insecticides to minimize our impact on the environment and ensure your safety. We are aware of the urgency of dealing with insect infestations, which is why we offer fast response times. Get a free quote and a customized solution adapted to your situation now. Trust our team of experts to eliminate invasive insects from your property in Rivi\u00e8re-Beaudette safely and efficiently.<\/p>\n<\/div>\n<\/div>\n<\/div>\n<\/div>\n<\/div>\n<\/div>\n<h2 dir=\"ltr\" style=\"line-height: 1.38; text-align: justify; margin-top: 18pt; margin-bottom: 6pt;\"><span style=\"font-size: 16pt; font-family: Calibri,sans-serif; color: #000000; background-color: transparent; font-weight: 400; font-style: normal; font-variant: normal; text-decoration: none; vertical-align: baseline; white-space: pre-wrap;\">Use our services<\/span><\/h2>\n<div>\n<div>\n<div>\n<p>If you need a reliable and professional extermination company in Rivi\u00e8re-Beaudette and the surrounding area of Vaudreuil-Soulanges, Extermination Pro Nature is here for you. We offer top-of-the-line services to eliminate pests such as ants, spiders and wasps in homes and businesses in the area. Our certified and experienced technicians intervene quickly and efficiently to guarantee you a safe and effective treatment, while minimizing our impact on the environment through the use of ecological insecticides. Contact us now for a free quote and to learn more about our premium services. Our team is ready to help you find a healthy and comfortable environment in Rivi\u00e8re-Beaudette.<\/p>\n<\/div>\n<\/div>\n<\/div>\t\t\t\t\t\t\t\t<\/div>\n\t\t\t\t<\/div>\n\t\t\t\t\t<\/div>\n\t\t<\/div>\n\t\t\t\t\t<\/div>\n\t\t<\/section>\n\t\t\t\t<section class=\"elementor-section elementor-top-section elementor-element elementor-element-e03ec7a elementor-section-boxed elementor-section-height-default elementor-section-height-default\" data-id=\"e03ec7a\" data-element_type=\"section\" data-e-type=\"section\" data-settings=\"{&quot;background_background&quot;:&quot;classic&quot;}\">\n\t\t\t\t\t\t<div class=\"elementor-container elementor-column-gap-default\">\n\t\t\t\t\t<div class=\"elementor-column elementor-col-100 elementor-top-column elementor-element elementor-element-53b8ebb\" data-id=\"53b8ebb\" data-element_type=\"column\" data-e-type=\"column\">\n\t\t\t<div class=\"elementor-widget-wrap elementor-element-populated\">\n\t\t\t\t\t\t<div class=\"elementor-element elementor-element-e07a22a title-form elementor-widget elementor-widget-heading\" data-id=\"e07a22a\" data-element_type=\"widget\" data-e-type=\"widget\" data-widget_type=\"heading.default\">\n\t\t\t\t<div class=\"elementor-widget-container\">\n\t\t\t\t\t<h3 class=\"elementor-heading-title elementor-size-default\">Contact us<\/h3>\t\t\t\t<\/div>\n\t\t\t\t<\/div>\n\t\t\t\t<div class=\"elementor-element elementor-element-c3d34ae elementor-widget__width-initial elementor-widget elementor-widget-shortcode\" data-id=\"c3d34ae\" data-element_type=\"widget\" data-e-type=\"widget\" data-widget_type=\"shortcode.default\">\n\t\t\t\t<div class=\"elementor-widget-container\">\n\t\t\t\t\t\t\t<div class=\"elementor-shortcode\">\n<div class=\"wpcf7 no-js\" id=\"wpcf7-f2151-o1\" lang=\"fr-CA\" dir=\"ltr\" data-wpcf7-id=\"2151\">\n<div class=\"screen-reader-response\"><p role=\"status\" aria-live=\"polite\" aria-atomic=\"true\"><\/p> <ul><\/ul><\/div>\n<form action=\"\/en\/wp-json\/wp\/v2\/pages\/3786#wpcf7-f2151-o1\" method=\"post\" class=\"wpcf7-form init\" aria-label=\"Contact form\" novalidate=\"novalidate\" data-status=\"init\">\n<fieldset class=\"hidden-fields-container\"><input type=\"hidden\" name=\"_wpcf7\" value=\"2151\" \/><input type=\"hidden\" name=\"_wpcf7_version\" value=\"6.1.5\" \/><input type=\"hidden\" name=\"_wpcf7_locale\" value=\"fr_CA\" \/><input type=\"hidden\" name=\"_wpcf7_unit_tag\" value=\"wpcf7-f2151-o1\" \/><input type=\"hidden\" name=\"_wpcf7_container_post\" value=\"0\" \/><input type=\"hidden\" name=\"_wpcf7_posted_data_hash\" value=\"\" \/>\n<\/fieldset>\n<p><span class=\"wpcf7-form-control-wrap\" data-name=\"your-name\"><input size=\"40\" maxlength=\"400\" class=\"wpcf7-form-control wpcf7-text wpcf7-validates-as-required nom\" aria-required=\"true\" aria-invalid=\"false\" value=\"Name\" type=\"text\" name=\"your-name\" \/><\/span>\n<\/p>\n<div class=\"form_contact\">\n\t<p><span class=\"wpcf7-form-control-wrap\" data-name=\"your-email\"><input size=\"40\" maxlength=\"400\" class=\"wpcf7-form-control wpcf7-email wpcf7-validates-as-required wpcf7-text wpcf7-validates-as-email email\" aria-required=\"true\" aria-invalid=\"false\" value=\"Email\" type=\"email\" name=\"your-email\" \/><\/span>\n\t<\/p>\n\t<p><span class=\"wpcf7-form-control-wrap\" data-name=\"your-subject\"><input size=\"40\" maxlength=\"400\" class=\"wpcf7-form-control wpcf7-text wpcf7-validates-as-required sujet\" aria-required=\"true\" aria-invalid=\"false\" value=\"Subject\" type=\"text\" name=\"your-subject\" \/><\/span>\n\t<\/p>\n<\/div>\n<p><span class=\"wpcf7-form-control-wrap\" data-name=\"tel-165\"><input size=\"40\" maxlength=\"400\" class=\"wpcf7-form-control wpcf7-tel wpcf7-validates-as-required wpcf7-text wpcf7-validates-as-tel tel\" aria-required=\"true\" aria-invalid=\"false\" placeholder=\"Phone\" value=\"\" type=\"tel\" name=\"tel-165\" \/><\/span>\n<\/p>\n<p><span class=\"wpcf7-form-control-wrap\" data-name=\"your-message\"><textarea cols=\"40\" rows=\"10\" maxlength=\"2000\" class=\"wpcf7-form-control wpcf7-textarea msg\" aria-invalid=\"false\" name=\"your-message\">Message<\/textarea><\/span>\n<\/p>\n<p><input class=\"wpcf7-form-control wpcf7-submit has-spinner\" type=\"submit\" value=\"Submit\" \/>\n<\/p><input type=\"hidden\" id=\"ct_checkjs_cf7_6cfe0e6127fa25df2a0ef2ae1067d915\" name=\"ct_checkjs_cf7\" value=\"0\" \/><script >setTimeout(function(){var ct_input_name = \"ct_checkjs_cf7_6cfe0e6127fa25df2a0ef2ae1067d915\";if (document.getElementById(ct_input_name) !== null) {var ct_input_value = document.getElementById(ct_input_name).value;document.getElementById(ct_input_name).value = document.getElementById(ct_input_name).value.replace(ct_input_value, '83eefb2b80f77d59add70ef4add29a1ce96cb75ba46639471b234f84bd440f35');}}, 1000);<\/script><input\n                    class=\"apbct_special_field apbct_email_id__wp_contact_form_7\"\n                    name=\"apbct__email_id__wp_contact_form_7\"\n                    aria-label=\"apbct__label_id__wp_contact_form_7\"\n                    type=\"text\" size=\"30\" maxlength=\"200\" autocomplete=\"off\"\n                    value=\"\"\n                \/><div class=\"wpcf7-response-output\" aria-hidden=\"true\"><\/div>\n<input\n                    class=\"apbct_special_field apbct_email_id__elementor_form\"\n                    name=\"apbct__email_id__elementor_form\"\n                    aria-label=\"apbct__label_id__elementor_form\"\n                    type=\"text\" size=\"30\" maxlength=\"200\" autocomplete=\"off\"\n                    value=\"\"\n                \/><\/form>\n<\/div>\n<\/div>\n\t\t\t\t\t\t<\/div>\n\t\t\t\t<\/div>\n\t\t\t\t\t<\/div>\n\t\t<\/div>\n\t\t\t\t\t<\/div>\n\t\t<\/section>\n\t\t\t\t<\/div>\n\t\t","protected":false},"excerpt":{"rendered":"<p>Are you looking for a professional extermination solution in Rivi\u00e8re-Beaudette? Trust Extermination Pro Nature! We offer effective, environmentally friendly and safe extermination services to remove harmful insects and rodents from your home, while ensuring the safety of your family and pets. We favor an ecological approach to extermination, using environmentally friendly products to protect your [&hellip;]<\/p>\n","protected":false},"author":2,"featured_media":0,"parent":0,"menu_order":0,"comment_status":"closed","ping_status":"closed","template":"","meta":{"site-sidebar-layout":"no-sidebar","site-content-layout":"page-builder","ast-site-content-layout":"default","site-content-style":"default","site-sidebar-style":"default","ast-global-header-display":"","ast-banner-title-visibility":"","ast-main-header-display":"","ast-hfb-above-header-display":"","ast-hfb-below-header-display":"","ast-hfb-mobile-header-display":"","site-post-title":"disabled","ast-breadcrumbs-content":"","ast-featured-img":"disabled","footer-sml-layout":"","ast-disable-related-posts":"","theme-transparent-header-meta":"","adv-header-id-meta":"","stick-header-meta":"","header-above-stick-meta":"","header-main-stick-meta":"","header-below-stick-meta":"","astra-migrate-meta-layouts":"default","ast-page-background-enabled":"default","ast-page-background-meta":{"desktop":{"background-color":"var(--ast-global-color-4)","background-image":"","background-repeat":"repeat","background-position":"center center","background-size":"auto","background-attachment":"scroll","background-type":"","background-media":"","overlay-type":"","overlay-color":"","overlay-opacity":"","overlay-gradient":""},"tablet":{"background-color":"","background-image":"","background-repeat":"repeat","background-position":"center center","background-size":"auto","background-attachment":"scroll","background-type":"","background-media":"","overlay-type":"","overlay-color":"","overlay-opacity":"","overlay-gradient":""},"mobile":{"background-color":"","background-image":"","background-repeat":"repeat","background-position":"center center","background-size":"auto","background-attachment":"scroll","background-type":"","background-media":"","overlay-type":"","overlay-color":"","overlay-opacity":"","overlay-gradient":""}},"ast-content-background-meta":{"desktop":{"background-color":"var(--ast-global-color-5)","background-image":"","background-repeat":"repeat","background-position":"center center","background-size":"auto","background-attachment":"scroll","background-type":"","background-media":"","overlay-type":"","overlay-color":"","overlay-opacity":"","overlay-gradient":""},"tablet":{"background-color":"var(--ast-global-color-5)","background-image":"","background-repeat":"repeat","background-position":"center center","background-size":"auto","background-attachment":"scroll","background-type":"","background-media":"","overlay-type":"","overlay-color":"","overlay-opacity":"","overlay-gradient":""},"mobile":{"background-color":"var(--ast-global-color-5)","background-image":"","background-repeat":"repeat","background-position":"center center","background-size":"auto","background-attachment":"scroll","background-type":"","background-media":"","overlay-type":"","overlay-color":"","overlay-opacity":"","overlay-gradient":""}},"footnotes":""},"class_list":["post-3786","page","type-page","status-publish","hentry"],"yoast_head":"<!-- This site is optimized with the Yoast SEO plugin v27.3 - https:\/\/yoast.com\/product\/yoast-seo-wordpress\/ -->\n<title>Exterminator Rivi\u00e8re-Beaudette - Extermination Pro Nature<\/title>\n<meta name=\"description\" content=\"Are you looking for a professional extermination solution in Rivi\u00e8re-Beaudette? Trust Extermination Pro Nature! We offer effective, environmentally\" \/>\n<meta name=\"robots\" content=\"index, follow, max-snippet:-1, max-image-preview:large, max-video-preview:-1\" \/>\n<link rel=\"canonical\" href=\"https:\/\/exterminationpro-nature.ca\/en\/exterminator-riviere-beaudette\/\" \/>\n<meta property=\"og:locale\" content=\"en_US\" \/>\n<meta property=\"og:type\" content=\"article\" \/>\n<meta property=\"og:title\" content=\"Exterminator Rivi\u00e8re-Beaudette - Extermination Pro Nature\" \/>\n<meta property=\"og:description\" content=\"Are you looking for a professional extermination solution in Rivi\u00e8re-Beaudette? Trust Extermination Pro Nature! We offer effective, environmentally\" \/>\n<meta property=\"og:url\" content=\"https:\/\/exterminationpro-nature.ca\/en\/exterminator-riviere-beaudette\/\" \/>\n<meta property=\"og:site_name\" content=\"Extermination Pro Nature\" \/>\n<meta property=\"article:publisher\" content=\"https:\/\/www.facebook.com\/exterminationpronature\" \/>\n<meta property=\"article:modified_time\" content=\"2023-03-24T15:34:40+00:00\" \/>\n<meta name=\"twitter:card\" content=\"summary_large_image\" \/>\n<meta name=\"twitter:label1\" content=\"Est. reading time\" \/>\n\t<meta name=\"twitter:data1\" content=\"3 minutes\" \/>\n<script type=\"application\/ld+json\" class=\"yoast-schema-graph\">{\"@context\":\"https:\\\/\\\/schema.org\",\"@graph\":[{\"@type\":\"WebPage\",\"@id\":\"https:\\\/\\\/exterminationpro-nature.ca\\\/en\\\/exterminator-riviere-beaudette\\\/\",\"url\":\"https:\\\/\\\/exterminationpro-nature.ca\\\/en\\\/exterminator-riviere-beaudette\\\/\",\"name\":\"Exterminator Rivi\u00e8re-Beaudette - Extermination Pro Nature\",\"isPartOf\":{\"@id\":\"https:\\\/\\\/exterminationpro-nature.ca\\\/en\\\/#website\"},\"datePublished\":\"2023-03-24T15:15:17+00:00\",\"dateModified\":\"2023-03-24T15:34:40+00:00\",\"description\":\"Are you looking for a professional extermination solution in Rivi\u00e8re-Beaudette? Trust Extermination Pro Nature! We offer effective, environmentally\",\"breadcrumb\":{\"@id\":\"https:\\\/\\\/exterminationpro-nature.ca\\\/en\\\/exterminator-riviere-beaudette\\\/#breadcrumb\"},\"inLanguage\":\"en-US\",\"potentialAction\":[{\"@type\":\"ReadAction\",\"target\":[\"https:\\\/\\\/exterminationpro-nature.ca\\\/en\\\/exterminator-riviere-beaudette\\\/\"]}]},{\"@type\":\"BreadcrumbList\",\"@id\":\"https:\\\/\\\/exterminationpro-nature.ca\\\/en\\\/exterminator-riviere-beaudette\\\/#breadcrumb\",\"itemListElement\":[{\"@type\":\"ListItem\",\"position\":1,\"name\":\"Accueil\",\"item\":\"https:\\\/\\\/exterminationpro-nature.ca\\\/en\\\/\"},{\"@type\":\"ListItem\",\"position\":2,\"name\":\"Exterminator Rivi\u00e8re-Beaudette\"}]},{\"@type\":\"WebSite\",\"@id\":\"https:\\\/\\\/exterminationpro-nature.ca\\\/en\\\/#website\",\"url\":\"https:\\\/\\\/exterminationpro-nature.ca\\\/en\\\/\",\"name\":\"Extermination Pro Nature\",\"description\":\"Exterminateur \u00e0 Montreal\",\"publisher\":{\"@id\":\"https:\\\/\\\/exterminationpro-nature.ca\\\/en\\\/#organization\"},\"potentialAction\":[{\"@type\":\"SearchAction\",\"target\":{\"@type\":\"EntryPoint\",\"urlTemplate\":\"https:\\\/\\\/exterminationpro-nature.ca\\\/en\\\/?s={search_term_string}\"},\"query-input\":{\"@type\":\"PropertyValueSpecification\",\"valueRequired\":true,\"valueName\":\"search_term_string\"}}],\"inLanguage\":\"en-US\"},{\"@type\":\"Organization\",\"@id\":\"https:\\\/\\\/exterminationpro-nature.ca\\\/en\\\/#organization\",\"name\":\"Extermination Pro Nature\",\"url\":\"https:\\\/\\\/exterminationpro-nature.ca\\\/en\\\/\",\"logo\":{\"@type\":\"ImageObject\",\"inLanguage\":\"en-US\",\"@id\":\"https:\\\/\\\/exterminationpro-nature.ca\\\/en\\\/#\\\/schema\\\/logo\\\/image\\\/\",\"url\":\"https:\\\/\\\/exterminationpro-nature.ca\\\/wp-content\\\/uploads\\\/2022\\\/12\\\/logofinal-1.png\",\"contentUrl\":\"https:\\\/\\\/exterminationpro-nature.ca\\\/wp-content\\\/uploads\\\/2022\\\/12\\\/logofinal-1.png\",\"width\":416,\"height\":102,\"caption\":\"Extermination Pro Nature\"},\"image\":{\"@id\":\"https:\\\/\\\/exterminationpro-nature.ca\\\/en\\\/#\\\/schema\\\/logo\\\/image\\\/\"},\"sameAs\":[\"https:\\\/\\\/www.facebook.com\\\/exterminationpronature\"]}]}<\/script>\n<!-- \/ Yoast SEO plugin. -->","yoast_head_json":{"title":"Exterminator Rivi\u00e8re-Beaudette - Extermination Pro Nature","description":"Are you looking for a professional extermination solution in Rivi\u00e8re-Beaudette? Trust Extermination Pro Nature! We offer effective, environmentally","robots":{"index":"index","follow":"follow","max-snippet":"max-snippet:-1","max-image-preview":"max-image-preview:large","max-video-preview":"max-video-preview:-1"},"canonical":"https:\/\/exterminationpro-nature.ca\/en\/exterminator-riviere-beaudette\/","og_locale":"en_US","og_type":"article","og_title":"Exterminator Rivi\u00e8re-Beaudette - Extermination Pro Nature","og_description":"Are you looking for a professional extermination solution in Rivi\u00e8re-Beaudette? Trust Extermination Pro Nature! We offer effective, environmentally","og_url":"https:\/\/exterminationpro-nature.ca\/en\/exterminator-riviere-beaudette\/","og_site_name":"Extermination Pro Nature","article_publisher":"https:\/\/www.facebook.com\/exterminationpronature","article_modified_time":"2023-03-24T15:34:40+00:00","twitter_card":"summary_large_image","twitter_misc":{"Est. reading time":"3 minutes"},"schema":{"@context":"https:\/\/schema.org","@graph":[{"@type":"WebPage","@id":"https:\/\/exterminationpro-nature.ca\/en\/exterminator-riviere-beaudette\/","url":"https:\/\/exterminationpro-nature.ca\/en\/exterminator-riviere-beaudette\/","name":"Exterminator Rivi\u00e8re-Beaudette - Extermination Pro Nature","isPartOf":{"@id":"https:\/\/exterminationpro-nature.ca\/en\/#website"},"datePublished":"2023-03-24T15:15:17+00:00","dateModified":"2023-03-24T15:34:40+00:00","description":"Are you looking for a professional extermination solution in Rivi\u00e8re-Beaudette? Trust Extermination Pro Nature! We offer effective, environmentally","breadcrumb":{"@id":"https:\/\/exterminationpro-nature.ca\/en\/exterminator-riviere-beaudette\/#breadcrumb"},"inLanguage":"en-US","potentialAction":[{"@type":"ReadAction","target":["https:\/\/exterminationpro-nature.ca\/en\/exterminator-riviere-beaudette\/"]}]},{"@type":"BreadcrumbList","@id":"https:\/\/exterminationpro-nature.ca\/en\/exterminator-riviere-beaudette\/#breadcrumb","itemListElement":[{"@type":"ListItem","position":1,"name":"Accueil","item":"https:\/\/exterminationpro-nature.ca\/en\/"},{"@type":"ListItem","position":2,"name":"Exterminator Rivi\u00e8re-Beaudette"}]},{"@type":"WebSite","@id":"https:\/\/exterminationpro-nature.ca\/en\/#website","url":"https:\/\/exterminationpro-nature.ca\/en\/","name":"Extermination Pro Nature","description":"Exterminateur \u00e0 Montreal","publisher":{"@id":"https:\/\/exterminationpro-nature.ca\/en\/#organization"},"potentialAction":[{"@type":"SearchAction","target":{"@type":"EntryPoint","urlTemplate":"https:\/\/exterminationpro-nature.ca\/en\/?s={search_term_string}"},"query-input":{"@type":"PropertyValueSpecification","valueRequired":true,"valueName":"search_term_string"}}],"inLanguage":"en-US"},{"@type":"Organization","@id":"https:\/\/exterminationpro-nature.ca\/en\/#organization","name":"Extermination Pro Nature","url":"https:\/\/exterminationpro-nature.ca\/en\/","logo":{"@type":"ImageObject","inLanguage":"en-US","@id":"https:\/\/exterminationpro-nature.ca\/en\/#\/schema\/logo\/image\/","url":"https:\/\/exterminationpro-nature.ca\/wp-content\/uploads\/2022\/12\/logofinal-1.png","contentUrl":"https:\/\/exterminationpro-nature.ca\/wp-content\/uploads\/2022\/12\/logofinal-1.png","width":416,"height":102,"caption":"Extermination Pro Nature"},"image":{"@id":"https:\/\/exterminationpro-nature.ca\/en\/#\/schema\/logo\/image\/"},"sameAs":["https:\/\/www.facebook.com\/exterminationpronature"]}]}},"_links":{"self":[{"href":"https:\/\/exterminationpro-nature.ca\/en\/wp-json\/wp\/v2\/pages\/3786","targetHints":{"allow":["GET"]}}],"collection":[{"href":"https:\/\/exterminationpro-nature.ca\/en\/wp-json\/wp\/v2\/pages"}],"about":[{"href":"https:\/\/exterminationpro-nature.ca\/en\/wp-json\/wp\/v2\/types\/page"}],"author":[{"embeddable":true,"href":"https:\/\/exterminationpro-nature.ca\/en\/wp-json\/wp\/v2\/users\/2"}],"replies":[{"embeddable":true,"href":"https:\/\/exterminationpro-nature.ca\/en\/wp-json\/wp\/v2\/comments?post=3786"}],"version-history":[{"count":1,"href":"https:\/\/exterminationpro-nature.ca\/en\/wp-json\/wp\/v2\/pages\/3786\/revisions"}],"predecessor-version":[{"id":3787,"href":"https:\/\/exterminationpro-nature.ca\/en\/wp-json\/wp\/v2\/pages\/3786\/revisions\/3787"}],"wp:attachment":[{"href":"https:\/\/exterminationpro-nature.ca\/en\/wp-json\/wp\/v2\/media?parent=3786"}],"curies":[{"name":"wp","href":"https:\/\/api.w.org\/{rel}","templated":true}]}}